{"id":724,"date":"2020-01-02T19:20:13","date_gmt":"2020-01-02T18:20:13","guid":{"rendered":"https:\/\/www.1to1formation.com\/?post_type=product&#038;p=724"},"modified":"2025-12-16T18:50:10","modified_gmt":"2025-12-16T17:50:10","slug":"le-pygme-et-le-pharaon","status":"publish","type":"product","link":"https:\/\/www.1to1formation.com\/en\/produit\/le-pygme-et-le-pharaon\/","title":{"rendered":"Le Pygm\u00e9e et le Pharaon (BD)"},"content":{"rendered":"<p><strong>RESUME<\/strong><\/p>\n<p><strong>Le Pygm\u00e9e et Le Pharaon &#8211; BD<\/strong><\/p>\n<p>\u00ab A la Cour somptueuse de Memphis en Egypte, parmi les notables un pygm\u00e9e attire l\u2019attention. Sa proximit\u00e9 avec le pharaon est observ\u00e9e de pr\u00e8s. Jour apr\u00e8s jour, le pygm\u00e9e trouve gr\u00e2ce aux yeux du souverain qui veut connaitre ce que cet homme venu des profondeurs des for\u00eats de la Nubie sait : ses secrets sur la vie et les choses. Arriv\u00e9 en Egypte et n\u2019ayant pour unique richesse que sa connaissance des plantes, Danga le pygm\u00e9e a su gagner sa place parmi les notables. Vient le jour o\u00f9 Pharaon lui confie une mission particuli\u00e8re\u2026 \u00bb<\/p>\n<p><strong>Auteur :<\/strong> N\u00e9 en Centrafrique, Carlos MBETI, anthropologue de formation, a fait ses \u00e9tudes \u00e0 l&#8217;Universit\u00e9 de Nice-Sophia-Antipolis. Il vit \u00e0 Villefranche-sur-Mer.\u00a0 Il est l\u2019auteur du roman \u00e9ponyme <strong><em>Le Pygm\u00e9e et Le Pharaon<\/em><\/strong>.<\/p>\n","protected":false},"excerpt":{"rendered":"<p>Version Fran\u00e7aise<\/p>\n","protected":false},"featured_media":725,"comment_status":"open","ping_status":"closed","template":"","meta":[],"product_brand":[],"product_cat":[112],"product_tag":[],"class_list":{"0":"post-724","1":"product","2":"type-product","3":"status-publish","4":"has-post-thumbnail","6":"product_cat-books","8":"first","9":"instock","10":"downloadable","11":"taxable","12":"shipping-taxable","13":"purchasable","14":"product-type-simple"},"_links":{"self":[{"href":"https:\/\/www.1to1formation.com\/en\/wp-json\/wp\/v2\/product\/724","targetHints":{"allow":["GET"]}}],"collection":[{"href":"https:\/\/www.1to1formation.com\/en\/wp-json\/wp\/v2\/product"}],"about":[{"href":"https:\/\/www.1to1formation.com\/en\/wp-json\/wp\/v2\/types\/product"}],"replies":[{"embeddable":true,"href":"https:\/\/www.1to1formation.com\/en\/wp-json\/wp\/v2\/comments?post=724"}],"wp:featuredmedia":[{"embeddable":true,"href":"https:\/\/www.1to1formation.com\/en\/wp-json\/wp\/v2\/media\/725"}],"wp:attachment":[{"href":"https:\/\/www.1to1formation.com\/en\/wp-json\/wp\/v2\/media?parent=724"}],"wp:term":[{"taxonomy":"product_brand","embeddable":true,"href":"https:\/\/www.1to1formation.com\/en\/wp-json\/wp\/v2\/product_brand?post=724"},{"taxonomy":"product_cat","embeddable":true,"href":"https:\/\/www.1to1formation.com\/en\/wp-json\/wp\/v2\/product_cat?post=724"},{"taxonomy":"product_tag","embeddable":true,"href":"https:\/\/www.1to1formation.com\/en\/wp-json\/wp\/v2\/product_tag?post=724"}],"curies":[{"name":"wp","href":"https:\/\/api.w.org\/{rel}","templated":true}]}}